{"id":21487,"date":"2023-01-30T16:36:18","date_gmt":"2023-01-30T15:36:18","guid":{"rendered":"https:\/\/www.fundacaogda.pt\/?page_id=21487"},"modified":"2023-10-19T11:29:16","modified_gmt":"2023-10-19T10:29:16","slug":"forum-danca","status":"publish","type":"page","link":"https:\/\/www.fundacaogda.pt\/en\/partnerships\/forum-danca\/","title":{"rendered":"Forum Dan\u00e7a"},"content":{"rendered":"<p>Forum Dan\u00e7a oversees the implementation of the Advanced Creation Programme in Performing Arts (PACAP), a course tailored for professionals and students in artistic domains who wish to dedicate themselves to an advanced phase of experimentation, coupled with theoretical research and the practice of body and movement techniques.<\/p>\n<p>The GDA Foundation has established a partnership to provide two to three partial grants to artists enrolled in this training program. The organisation conducts the selection process, considering the applicants&#8217; merit-based and financial criteria.<\/p>\n","protected":false},"excerpt":{"rendered":"<p>Partnership established to provide dancers with a period of advanced experimentation, theoretical research and exercise in body and movement practices through the award of grants to attend the PACAP intensive course.<\/p>\n","protected":false},"author":2,"featured_media":0,"parent":21462,"menu_order":0,"comment_status":"closed","ping_status":"closed","template":"","meta":{"_acf_changed":false,"footnotes":""},"class_list":["post-21487","page","type-page","status-publish","hentry"],"acf":[],"yoast_head":"<!-- This site is optimized with the Yoast SEO plugin v25.8 - https:\/\/yoast.com\/wordpress\/plugins\/seo\/ -->\n<title>Forum Dan\u00e7a - Funda\u00e7\u00e3o GDA<\/title>\n<meta name=\"robots\" content=\"index, follow, max-snippet:-1, max-image-preview:large, max-video-preview:-1\" \/>\n<link rel=\"canonical\" href=\"https:\/\/www.fundacaogda.pt\/en\/partnerships\/forum-danca\/\" \/>\n<meta property=\"og:locale\" content=\"en_US\" \/>\n<meta property=\"og:type\" content=\"article\" \/>\n<meta property=\"og:title\" content=\"Forum Dan\u00e7a - Funda\u00e7\u00e3o GDA\" \/>\n<meta property=\"og:description\" content=\"Partnership established to provide dancers with a period of advanced experimentation, theoretical research and exercise in body and movement practices through the award of grants to attend the PACAP intensive course.\" \/>\n<meta property=\"og:url\" content=\"https:\/\/www.fundacaogda.pt\/en\/partnerships\/forum-danca\/\" \/>\n<meta property=\"og:site_name\" content=\"Funda\u00e7\u00e3o GDA\" \/>\n<meta property=\"article:publisher\" content=\"https:\/\/www.facebook.com\/fundacaogda\" \/>\n<meta property=\"article:modified_time\" content=\"2023-10-19T10:29:16+00:00\" \/>\n<meta name=\"twitter:card\" content=\"summary_large_image\" \/>\n<meta name=\"twitter:site\" content=\"@Fundacao_GDA\" \/>\n<meta name=\"twitter:label1\" content=\"Est. reading time\" \/>\n\t<meta name=\"twitter:data1\" content=\"1 minute\" \/>\n<script type=\"application\/ld+json\" class=\"yoast-schema-graph\">{\"@context\":\"https:\/\/schema.org\",\"@graph\":[{\"@type\":\"WebPage\",\"@id\":\"https:\/\/www.fundacaogda.pt\/en\/partnerships\/forum-danca\/\",\"url\":\"https:\/\/www.fundacaogda.pt\/en\/partnerships\/forum-danca\/\",\"name\":\"Forum Dan\u00e7a - Funda\u00e7\u00e3o GDA\",\"isPartOf\":{\"@id\":\"https:\/\/www.fundacaogda.pt\/en\/#website\"},\"datePublished\":\"2023-01-30T15:36:18+00:00\",\"dateModified\":\"2023-10-19T10:29:16+00:00\",\"breadcrumb\":{\"@id\":\"https:\/\/www.fundacaogda.pt\/en\/partnerships\/forum-danca\/#breadcrumb\"},\"inLanguage\":\"en-US\",\"potentialAction\":[{\"@type\":\"ReadAction\",\"target\":[\"https:\/\/www.fundacaogda.pt\/en\/partnerships\/forum-danca\/\"]}]},{\"@type\":\"BreadcrumbList\",\"@id\":\"https:\/\/www.fundacaogda.pt\/en\/partnerships\/forum-danca\/#breadcrumb\",\"itemListElement\":[{\"@type\":\"ListItem\",\"position\":1,\"name\":\"Home\",\"item\":\"https:\/\/www.fundacaogda.pt\/en\/\"},{\"@type\":\"ListItem\",\"position\":2,\"name\":\"Partnerships\",\"item\":\"https:\/\/www.fundacaogda.pt\/en\/partnerships\/\"},{\"@type\":\"ListItem\",\"position\":3,\"name\":\"Forum Dan\u00e7a\"}]},{\"@type\":\"WebSite\",\"@id\":\"https:\/\/www.fundacaogda.pt\/en\/#website\",\"url\":\"https:\/\/www.fundacaogda.pt\/en\/\",\"name\":\"Funda\u00e7\u00e3o GDA\",\"description\":\"Juntos no mesmo Palco\",\"publisher\":{\"@id\":\"https:\/\/www.fundacaogda.pt\/en\/#organization\"},\"potentialAction\":[{\"@type\":\"SearchAction\",\"target\":{\"@type\":\"EntryPoint\",\"urlTemplate\":\"https:\/\/www.fundacaogda.pt\/en\/?s={search_term_string}\"},\"query-input\":{\"@type\":\"PropertyValueSpecification\",\"valueRequired\":true,\"valueName\":\"search_term_string\"}}],\"inLanguage\":\"en-US\"},{\"@type\":\"Organization\",\"@id\":\"https:\/\/www.fundacaogda.pt\/en\/#organization\",\"name\":\"Funda\u00e7\u00e3o GDA\",\"url\":\"https:\/\/www.fundacaogda.pt\/en\/\",\"logo\":{\"@type\":\"ImageObject\",\"inLanguage\":\"en-US\",\"@id\":\"https:\/\/www.fundacaogda.pt\/en\/#\/schema\/logo\/image\/\",\"url\":\"https:\/\/www.fundacaogda.pt\/wp-content\/uploads\/2022\/06\/cropped-fgda-web-icon.png\",\"contentUrl\":\"https:\/\/www.fundacaogda.pt\/wp-content\/uploads\/2022\/06\/cropped-fgda-web-icon.png\",\"width\":512,\"height\":512,\"caption\":\"Funda\u00e7\u00e3o GDA\"},\"image\":{\"@id\":\"https:\/\/www.fundacaogda.pt\/en\/#\/schema\/logo\/image\/\"},\"sameAs\":[\"https:\/\/www.facebook.com\/fundacaogda\",\"https:\/\/x.com\/Fundacao_GDA\"]}]}<\/script>\n<!-- \/ Yoast SEO plugin. -->","yoast_head_json":{"title":"Forum Dan\u00e7a - Funda\u00e7\u00e3o GDA","robots":{"index":"index","follow":"follow","max-snippet":"max-snippet:-1","max-image-preview":"max-image-preview:large","max-video-preview":"max-video-preview:-1"},"canonical":"https:\/\/www.fundacaogda.pt\/en\/partnerships\/forum-danca\/","og_locale":"en_US","og_type":"article","og_title":"Forum Dan\u00e7a - Funda\u00e7\u00e3o GDA","og_description":"Partnership established to provide dancers with a period of advanced experimentation, theoretical research and exercise in body and movement practices through the award of grants to attend the PACAP intensive course.","og_url":"https:\/\/www.fundacaogda.pt\/en\/partnerships\/forum-danca\/","og_site_name":"Funda\u00e7\u00e3o GDA","article_publisher":"https:\/\/www.facebook.com\/fundacaogda","article_modified_time":"2023-10-19T10:29:16+00:00","twitter_card":"summary_large_image","twitter_site":"@Fundacao_GDA","twitter_misc":{"Est. reading time":"1 minute"},"schema":{"@context":"https:\/\/schema.org","@graph":[{"@type":"WebPage","@id":"https:\/\/www.fundacaogda.pt\/en\/partnerships\/forum-danca\/","url":"https:\/\/www.fundacaogda.pt\/en\/partnerships\/forum-danca\/","name":"Forum Dan\u00e7a - Funda\u00e7\u00e3o GDA","isPartOf":{"@id":"https:\/\/www.fundacaogda.pt\/en\/#website"},"datePublished":"2023-01-30T15:36:18+00:00","dateModified":"2023-10-19T10:29:16+00:00","breadcrumb":{"@id":"https:\/\/www.fundacaogda.pt\/en\/partnerships\/forum-danca\/#breadcrumb"},"inLanguage":"en-US","potentialAction":[{"@type":"ReadAction","target":["https:\/\/www.fundacaogda.pt\/en\/partnerships\/forum-danca\/"]}]},{"@type":"BreadcrumbList","@id":"https:\/\/www.fundacaogda.pt\/en\/partnerships\/forum-danca\/#breadcrumb","itemListElement":[{"@type":"ListItem","position":1,"name":"Home","item":"https:\/\/www.fundacaogda.pt\/en\/"},{"@type":"ListItem","position":2,"name":"Partnerships","item":"https:\/\/www.fundacaogda.pt\/en\/partnerships\/"},{"@type":"ListItem","position":3,"name":"Forum Dan\u00e7a"}]},{"@type":"WebSite","@id":"https:\/\/www.fundacaogda.pt\/en\/#website","url":"https:\/\/www.fundacaogda.pt\/en\/","name":"Funda\u00e7\u00e3o GDA","description":"Juntos no mesmo Palco","publisher":{"@id":"https:\/\/www.fundacaogda.pt\/en\/#organization"},"potentialAction":[{"@type":"SearchAction","target":{"@type":"EntryPoint","urlTemplate":"https:\/\/www.fundacaogda.pt\/en\/?s={search_term_string}"},"query-input":{"@type":"PropertyValueSpecification","valueRequired":true,"valueName":"search_term_string"}}],"inLanguage":"en-US"},{"@type":"Organization","@id":"https:\/\/www.fundacaogda.pt\/en\/#organization","name":"Funda\u00e7\u00e3o GDA","url":"https:\/\/www.fundacaogda.pt\/en\/","logo":{"@type":"ImageObject","inLanguage":"en-US","@id":"https:\/\/www.fundacaogda.pt\/en\/#\/schema\/logo\/image\/","url":"https:\/\/www.fundacaogda.pt\/wp-content\/uploads\/2022\/06\/cropped-fgda-web-icon.png","contentUrl":"https:\/\/www.fundacaogda.pt\/wp-content\/uploads\/2022\/06\/cropped-fgda-web-icon.png","width":512,"height":512,"caption":"Funda\u00e7\u00e3o GDA"},"image":{"@id":"https:\/\/www.fundacaogda.pt\/en\/#\/schema\/logo\/image\/"},"sameAs":["https:\/\/www.facebook.com\/fundacaogda","https:\/\/x.com\/Fundacao_GDA"]}]}},"_links":{"self":[{"href":"https:\/\/www.fundacaogda.pt\/en\/wp-json\/wp\/v2\/pages\/21487","targetHints":{"allow":["GET"]}}],"collection":[{"href":"https:\/\/www.fundacaogda.pt\/en\/wp-json\/wp\/v2\/pages"}],"about":[{"href":"https:\/\/www.fundacaogda.pt\/en\/wp-json\/wp\/v2\/types\/page"}],"author":[{"embeddable":true,"href":"https:\/\/www.fundacaogda.pt\/en\/wp-json\/wp\/v2\/users\/2"}],"replies":[{"embeddable":true,"href":"https:\/\/www.fundacaogda.pt\/en\/wp-json\/wp\/v2\/comments?post=21487"}],"version-history":[{"count":2,"href":"https:\/\/www.fundacaogda.pt\/en\/wp-json\/wp\/v2\/pages\/21487\/revisions"}],"predecessor-version":[{"id":21489,"href":"https:\/\/www.fundacaogda.pt\/en\/wp-json\/wp\/v2\/pages\/21487\/revisions\/21489"}],"up":[{"embeddable":true,"href":"https:\/\/www.fundacaogda.pt\/en\/wp-json\/wp\/v2\/pages\/21462"}],"wp:attachment":[{"href":"https:\/\/www.fundacaogda.pt\/en\/wp-json\/wp\/v2\/media?parent=21487"}],"curies":[{"name":"wp","href":"https:\/\/api.w.org\/{rel}","templated":true}]}}