{"id":21484,"date":"2023-01-30T16:35:10","date_gmt":"2023-01-30T15:35:10","guid":{"rendered":"https:\/\/www.fundacaogda.pt\/?page_id=21484"},"modified":"2023-10-19T11:25:45","modified_gmt":"2023-10-19T10:25:45","slug":"companhia-instavel","status":"publish","type":"page","link":"https:\/\/www.fundacaogda.pt\/en\/partnerships\/companhia-instavel\/","title":{"rendered":"Companhia Inst\u00e1vel"},"content":{"rendered":"<p>The GDA Foundation has been supporting the training programs of Companhia Inst\u00e1vel since 2016. This endorsement involves providing partial scholarships for performers who partake in the Advanced Training in Interpretation and Choreographic Creation (FAICC) program. Since 2021, the GDA Foundation&#8217;s support has also extended to the Choreography Oriented Training for Architecture (FOCAR), a novel choreography training program focusing on its connection to architecture.<\/p>\n","protected":false},"excerpt":{"rendered":"<p>Partnership established to provide young dancers training opportunities, enabling them to enhance their skills through programs focused on professional development in dance interpretation and choreography by awarding scholarships to attend the FOCAR and FAICC programmes.<\/p>\n","protected":false},"author":2,"featured_media":0,"parent":21462,"menu_order":0,"comment_status":"closed","ping_status":"closed","template":"","meta":{"_acf_changed":false,"footnotes":""},"class_list":["post-21484","page","type-page","status-publish","hentry"],"acf":[],"yoast_head":"<!-- This site is optimized with the Yoast SEO plugin v25.8 - https:\/\/yoast.com\/wordpress\/plugins\/seo\/ -->\n<title>Companhia Inst\u00e1vel - Funda\u00e7\u00e3o GDA<\/title>\n<meta name=\"robots\" content=\"index, follow, max-snippet:-1, max-image-preview:large, max-video-preview:-1\" \/>\n<link rel=\"canonical\" href=\"https:\/\/www.fundacaogda.pt\/en\/partnerships\/companhia-instavel\/\" \/>\n<meta property=\"og:locale\" content=\"en_US\" \/>\n<meta property=\"og:type\" content=\"article\" \/>\n<meta property=\"og:title\" content=\"Companhia Inst\u00e1vel - Funda\u00e7\u00e3o GDA\" \/>\n<meta property=\"og:description\" content=\"Partnership established to provide young dancers training opportunities, enabling them to enhance their skills through programs focused on professional development in dance interpretation and choreography by awarding scholarships to attend the FOCAR and FAICC programmes.\" \/>\n<meta property=\"og:url\" content=\"https:\/\/www.fundacaogda.pt\/en\/partnerships\/companhia-instavel\/\" \/>\n<meta property=\"og:site_name\" content=\"Funda\u00e7\u00e3o GDA\" \/>\n<meta property=\"article:publisher\" content=\"https:\/\/www.facebook.com\/fundacaogda\" \/>\n<meta property=\"article:modified_time\" content=\"2023-10-19T10:25:45+00:00\" \/>\n<meta name=\"twitter:card\" content=\"summary_large_image\" \/>\n<meta name=\"twitter:site\" content=\"@Fundacao_GDA\" \/>\n<meta name=\"twitter:label1\" content=\"Est. reading time\" \/>\n\t<meta name=\"twitter:data1\" content=\"1 minute\" \/>\n<script type=\"application\/ld+json\" class=\"yoast-schema-graph\">{\"@context\":\"https:\/\/schema.org\",\"@graph\":[{\"@type\":\"WebPage\",\"@id\":\"https:\/\/www.fundacaogda.pt\/en\/partnerships\/companhia-instavel\/\",\"url\":\"https:\/\/www.fundacaogda.pt\/en\/partnerships\/companhia-instavel\/\",\"name\":\"Companhia Inst\u00e1vel - Funda\u00e7\u00e3o GDA\",\"isPartOf\":{\"@id\":\"https:\/\/www.fundacaogda.pt\/en\/#website\"},\"datePublished\":\"2023-01-30T15:35:10+00:00\",\"dateModified\":\"2023-10-19T10:25:45+00:00\",\"breadcrumb\":{\"@id\":\"https:\/\/www.fundacaogda.pt\/en\/partnerships\/companhia-instavel\/#breadcrumb\"},\"inLanguage\":\"en-US\",\"potentialAction\":[{\"@type\":\"ReadAction\",\"target\":[\"https:\/\/www.fundacaogda.pt\/en\/partnerships\/companhia-instavel\/\"]}]},{\"@type\":\"BreadcrumbList\",\"@id\":\"https:\/\/www.fundacaogda.pt\/en\/partnerships\/companhia-instavel\/#breadcrumb\",\"itemListElement\":[{\"@type\":\"ListItem\",\"position\":1,\"name\":\"Home\",\"item\":\"https:\/\/www.fundacaogda.pt\/en\/\"},{\"@type\":\"ListItem\",\"position\":2,\"name\":\"Partnerships\",\"item\":\"https:\/\/www.fundacaogda.pt\/en\/partnerships\/\"},{\"@type\":\"ListItem\",\"position\":3,\"name\":\"Companhia Inst\u00e1vel\"}]},{\"@type\":\"WebSite\",\"@id\":\"https:\/\/www.fundacaogda.pt\/en\/#website\",\"url\":\"https:\/\/www.fundacaogda.pt\/en\/\",\"name\":\"Funda\u00e7\u00e3o GDA\",\"description\":\"Juntos no mesmo Palco\",\"publisher\":{\"@id\":\"https:\/\/www.fundacaogda.pt\/en\/#organization\"},\"potentialAction\":[{\"@type\":\"SearchAction\",\"target\":{\"@type\":\"EntryPoint\",\"urlTemplate\":\"https:\/\/www.fundacaogda.pt\/en\/?s={search_term_string}\"},\"query-input\":{\"@type\":\"PropertyValueSpecification\",\"valueRequired\":true,\"valueName\":\"search_term_string\"}}],\"inLanguage\":\"en-US\"},{\"@type\":\"Organization\",\"@id\":\"https:\/\/www.fundacaogda.pt\/en\/#organization\",\"name\":\"Funda\u00e7\u00e3o GDA\",\"url\":\"https:\/\/www.fundacaogda.pt\/en\/\",\"logo\":{\"@type\":\"ImageObject\",\"inLanguage\":\"en-US\",\"@id\":\"https:\/\/www.fundacaogda.pt\/en\/#\/schema\/logo\/image\/\",\"url\":\"https:\/\/www.fundacaogda.pt\/wp-content\/uploads\/2022\/06\/cropped-fgda-web-icon.png\",\"contentUrl\":\"https:\/\/www.fundacaogda.pt\/wp-content\/uploads\/2022\/06\/cropped-fgda-web-icon.png\",\"width\":512,\"height\":512,\"caption\":\"Funda\u00e7\u00e3o GDA\"},\"image\":{\"@id\":\"https:\/\/www.fundacaogda.pt\/en\/#\/schema\/logo\/image\/\"},\"sameAs\":[\"https:\/\/www.facebook.com\/fundacaogda\",\"https:\/\/x.com\/Fundacao_GDA\"]}]}<\/script>\n<!-- \/ Yoast SEO plugin. -->","yoast_head_json":{"title":"Companhia Inst\u00e1vel - Funda\u00e7\u00e3o GDA","robots":{"index":"index","follow":"follow","max-snippet":"max-snippet:-1","max-image-preview":"max-image-preview:large","max-video-preview":"max-video-preview:-1"},"canonical":"https:\/\/www.fundacaogda.pt\/en\/partnerships\/companhia-instavel\/","og_locale":"en_US","og_type":"article","og_title":"Companhia Inst\u00e1vel - Funda\u00e7\u00e3o GDA","og_description":"Partnership established to provide young dancers training opportunities, enabling them to enhance their skills through programs focused on professional development in dance interpretation and choreography by awarding scholarships to attend the FOCAR and FAICC programmes.","og_url":"https:\/\/www.fundacaogda.pt\/en\/partnerships\/companhia-instavel\/","og_site_name":"Funda\u00e7\u00e3o GDA","article_publisher":"https:\/\/www.facebook.com\/fundacaogda","article_modified_time":"2023-10-19T10:25:45+00:00","twitter_card":"summary_large_image","twitter_site":"@Fundacao_GDA","twitter_misc":{"Est. reading time":"1 minute"},"schema":{"@context":"https:\/\/schema.org","@graph":[{"@type":"WebPage","@id":"https:\/\/www.fundacaogda.pt\/en\/partnerships\/companhia-instavel\/","url":"https:\/\/www.fundacaogda.pt\/en\/partnerships\/companhia-instavel\/","name":"Companhia Inst\u00e1vel - Funda\u00e7\u00e3o GDA","isPartOf":{"@id":"https:\/\/www.fundacaogda.pt\/en\/#website"},"datePublished":"2023-01-30T15:35:10+00:00","dateModified":"2023-10-19T10:25:45+00:00","breadcrumb":{"@id":"https:\/\/www.fundacaogda.pt\/en\/partnerships\/companhia-instavel\/#breadcrumb"},"inLanguage":"en-US","potentialAction":[{"@type":"ReadAction","target":["https:\/\/www.fundacaogda.pt\/en\/partnerships\/companhia-instavel\/"]}]},{"@type":"BreadcrumbList","@id":"https:\/\/www.fundacaogda.pt\/en\/partnerships\/companhia-instavel\/#breadcrumb","itemListElement":[{"@type":"ListItem","position":1,"name":"Home","item":"https:\/\/www.fundacaogda.pt\/en\/"},{"@type":"ListItem","position":2,"name":"Partnerships","item":"https:\/\/www.fundacaogda.pt\/en\/partnerships\/"},{"@type":"ListItem","position":3,"name":"Companhia Inst\u00e1vel"}]},{"@type":"WebSite","@id":"https:\/\/www.fundacaogda.pt\/en\/#website","url":"https:\/\/www.fundacaogda.pt\/en\/","name":"Funda\u00e7\u00e3o GDA","description":"Juntos no mesmo Palco","publisher":{"@id":"https:\/\/www.fundacaogda.pt\/en\/#organization"},"potentialAction":[{"@type":"SearchAction","target":{"@type":"EntryPoint","urlTemplate":"https:\/\/www.fundacaogda.pt\/en\/?s={search_term_string}"},"query-input":{"@type":"PropertyValueSpecification","valueRequired":true,"valueName":"search_term_string"}}],"inLanguage":"en-US"},{"@type":"Organization","@id":"https:\/\/www.fundacaogda.pt\/en\/#organization","name":"Funda\u00e7\u00e3o GDA","url":"https:\/\/www.fundacaogda.pt\/en\/","logo":{"@type":"ImageObject","inLanguage":"en-US","@id":"https:\/\/www.fundacaogda.pt\/en\/#\/schema\/logo\/image\/","url":"https:\/\/www.fundacaogda.pt\/wp-content\/uploads\/2022\/06\/cropped-fgda-web-icon.png","contentUrl":"https:\/\/www.fundacaogda.pt\/wp-content\/uploads\/2022\/06\/cropped-fgda-web-icon.png","width":512,"height":512,"caption":"Funda\u00e7\u00e3o GDA"},"image":{"@id":"https:\/\/www.fundacaogda.pt\/en\/#\/schema\/logo\/image\/"},"sameAs":["https:\/\/www.facebook.com\/fundacaogda","https:\/\/x.com\/Fundacao_GDA"]}]}},"_links":{"self":[{"href":"https:\/\/www.fundacaogda.pt\/en\/wp-json\/wp\/v2\/pages\/21484","targetHints":{"allow":["GET"]}}],"collection":[{"href":"https:\/\/www.fundacaogda.pt\/en\/wp-json\/wp\/v2\/pages"}],"about":[{"href":"https:\/\/www.fundacaogda.pt\/en\/wp-json\/wp\/v2\/types\/page"}],"author":[{"embeddable":true,"href":"https:\/\/www.fundacaogda.pt\/en\/wp-json\/wp\/v2\/users\/2"}],"replies":[{"embeddable":true,"href":"https:\/\/www.fundacaogda.pt\/en\/wp-json\/wp\/v2\/comments?post=21484"}],"version-history":[{"count":2,"href":"https:\/\/www.fundacaogda.pt\/en\/wp-json\/wp\/v2\/pages\/21484\/revisions"}],"predecessor-version":[{"id":21486,"href":"https:\/\/www.fundacaogda.pt\/en\/wp-json\/wp\/v2\/pages\/21484\/revisions\/21486"}],"up":[{"embeddable":true,"href":"https:\/\/www.fundacaogda.pt\/en\/wp-json\/wp\/v2\/pages\/21462"}],"wp:attachment":[{"href":"https:\/\/www.fundacaogda.pt\/en\/wp-json\/wp\/v2\/media?parent=21484"}],"curies":[{"name":"wp","href":"https:\/\/api.w.org\/{rel}","templated":true}]}}