{"id":21481,"date":"2023-01-30T16:35:44","date_gmt":"2023-01-30T15:35:44","guid":{"rendered":"https:\/\/www.fundacaogda.pt\/?page_id=21481"},"modified":"2023-10-19T11:24:00","modified_gmt":"2023-10-19T10:24:00","slug":"victor-cordon-studios","status":"publish","type":"page","link":"https:\/\/www.fundacaogda.pt\/en\/partnerships\/victor-cordon-studios\/","title":{"rendered":"Victor C\u00f3rdon Studios"},"content":{"rendered":"<p>The Victor C\u00f3rdon Studios (EVC), a creative centre under Opart &#8211; Organismo de Produ\u00e7\u00e3o Art\u00edstica EPE, conducts two annual programs &#8211; EVC Training and Kick Off &#8211; to promote additional training for professional dancers or those in the process of becoming professionals. These initiatives hold significant importance within the dance community in Portugal, emphasizing technical enhancement, the diversity of artistic languages, and knowledge exchange among peers.<\/p>\n","protected":false},"excerpt":{"rendered":"<p>This partnership intends to provide training opportunities to professional dancers, or those in the process of becoming professionals, enhancing their careers through various training programmes.<\/p>\n","protected":false},"author":2,"featured_media":0,"parent":21462,"menu_order":0,"comment_status":"closed","ping_status":"closed","template":"","meta":{"_acf_changed":false,"footnotes":""},"class_list":["post-21481","page","type-page","status-publish","hentry"],"acf":[],"yoast_head":"<!-- This site is optimized with the Yoast SEO plugin v25.8 - https:\/\/yoast.com\/wordpress\/plugins\/seo\/ -->\n<title>Victor C\u00f3rdon Studios - Funda\u00e7\u00e3o GDA<\/title>\n<meta name=\"robots\" content=\"index, follow, max-snippet:-1, max-image-preview:large, max-video-preview:-1\" \/>\n<link rel=\"canonical\" href=\"https:\/\/www.fundacaogda.pt\/en\/partnerships\/victor-cordon-studios\/\" \/>\n<meta property=\"og:locale\" content=\"en_US\" \/>\n<meta property=\"og:type\" content=\"article\" \/>\n<meta property=\"og:title\" content=\"Victor C\u00f3rdon Studios - Funda\u00e7\u00e3o GDA\" \/>\n<meta property=\"og:description\" content=\"This partnership intends to provide training opportunities to professional dancers, or those in the process of becoming professionals, enhancing their careers through various training programmes.\" \/>\n<meta property=\"og:url\" content=\"https:\/\/www.fundacaogda.pt\/en\/partnerships\/victor-cordon-studios\/\" \/>\n<meta property=\"og:site_name\" content=\"Funda\u00e7\u00e3o GDA\" \/>\n<meta property=\"article:publisher\" content=\"https:\/\/www.facebook.com\/fundacaogda\" \/>\n<meta property=\"article:modified_time\" content=\"2023-10-19T10:24:00+00:00\" \/>\n<meta name=\"twitter:card\" content=\"summary_large_image\" \/>\n<meta name=\"twitter:site\" content=\"@Fundacao_GDA\" \/>\n<meta name=\"twitter:label1\" content=\"Est. reading time\" \/>\n\t<meta name=\"twitter:data1\" content=\"1 minute\" \/>\n<script type=\"application\/ld+json\" class=\"yoast-schema-graph\">{\"@context\":\"https:\/\/schema.org\",\"@graph\":[{\"@type\":\"WebPage\",\"@id\":\"https:\/\/www.fundacaogda.pt\/en\/partnerships\/victor-cordon-studios\/\",\"url\":\"https:\/\/www.fundacaogda.pt\/en\/partnerships\/victor-cordon-studios\/\",\"name\":\"Victor C\u00f3rdon Studios - Funda\u00e7\u00e3o GDA\",\"isPartOf\":{\"@id\":\"https:\/\/www.fundacaogda.pt\/en\/#website\"},\"datePublished\":\"2023-01-30T15:35:44+00:00\",\"dateModified\":\"2023-10-19T10:24:00+00:00\",\"breadcrumb\":{\"@id\":\"https:\/\/www.fundacaogda.pt\/en\/partnerships\/victor-cordon-studios\/#breadcrumb\"},\"inLanguage\":\"en-US\",\"potentialAction\":[{\"@type\":\"ReadAction\",\"target\":[\"https:\/\/www.fundacaogda.pt\/en\/partnerships\/victor-cordon-studios\/\"]}]},{\"@type\":\"BreadcrumbList\",\"@id\":\"https:\/\/www.fundacaogda.pt\/en\/partnerships\/victor-cordon-studios\/#breadcrumb\",\"itemListElement\":[{\"@type\":\"ListItem\",\"position\":1,\"name\":\"Home\",\"item\":\"https:\/\/www.fundacaogda.pt\/en\/\"},{\"@type\":\"ListItem\",\"position\":2,\"name\":\"Partnerships\",\"item\":\"https:\/\/www.fundacaogda.pt\/en\/partnerships\/\"},{\"@type\":\"ListItem\",\"position\":3,\"name\":\"Victor C\u00f3rdon Studios\"}]},{\"@type\":\"WebSite\",\"@id\":\"https:\/\/www.fundacaogda.pt\/en\/#website\",\"url\":\"https:\/\/www.fundacaogda.pt\/en\/\",\"name\":\"Funda\u00e7\u00e3o GDA\",\"description\":\"Juntos no mesmo Palco\",\"publisher\":{\"@id\":\"https:\/\/www.fundacaogda.pt\/en\/#organization\"},\"potentialAction\":[{\"@type\":\"SearchAction\",\"target\":{\"@type\":\"EntryPoint\",\"urlTemplate\":\"https:\/\/www.fundacaogda.pt\/en\/?s={search_term_string}\"},\"query-input\":{\"@type\":\"PropertyValueSpecification\",\"valueRequired\":true,\"valueName\":\"search_term_string\"}}],\"inLanguage\":\"en-US\"},{\"@type\":\"Organization\",\"@id\":\"https:\/\/www.fundacaogda.pt\/en\/#organization\",\"name\":\"Funda\u00e7\u00e3o GDA\",\"url\":\"https:\/\/www.fundacaogda.pt\/en\/\",\"logo\":{\"@type\":\"ImageObject\",\"inLanguage\":\"en-US\",\"@id\":\"https:\/\/www.fundacaogda.pt\/en\/#\/schema\/logo\/image\/\",\"url\":\"https:\/\/www.fundacaogda.pt\/wp-content\/uploads\/2022\/06\/cropped-fgda-web-icon.png\",\"contentUrl\":\"https:\/\/www.fundacaogda.pt\/wp-content\/uploads\/2022\/06\/cropped-fgda-web-icon.png\",\"width\":512,\"height\":512,\"caption\":\"Funda\u00e7\u00e3o GDA\"},\"image\":{\"@id\":\"https:\/\/www.fundacaogda.pt\/en\/#\/schema\/logo\/image\/\"},\"sameAs\":[\"https:\/\/www.facebook.com\/fundacaogda\",\"https:\/\/x.com\/Fundacao_GDA\"]}]}<\/script>\n<!-- \/ Yoast SEO plugin. -->","yoast_head_json":{"title":"Victor C\u00f3rdon Studios - Funda\u00e7\u00e3o GDA","robots":{"index":"index","follow":"follow","max-snippet":"max-snippet:-1","max-image-preview":"max-image-preview:large","max-video-preview":"max-video-preview:-1"},"canonical":"https:\/\/www.fundacaogda.pt\/en\/partnerships\/victor-cordon-studios\/","og_locale":"en_US","og_type":"article","og_title":"Victor C\u00f3rdon Studios - Funda\u00e7\u00e3o GDA","og_description":"This partnership intends to provide training opportunities to professional dancers, or those in the process of becoming professionals, enhancing their careers through various training programmes.","og_url":"https:\/\/www.fundacaogda.pt\/en\/partnerships\/victor-cordon-studios\/","og_site_name":"Funda\u00e7\u00e3o GDA","article_publisher":"https:\/\/www.facebook.com\/fundacaogda","article_modified_time":"2023-10-19T10:24:00+00:00","twitter_card":"summary_large_image","twitter_site":"@Fundacao_GDA","twitter_misc":{"Est. reading time":"1 minute"},"schema":{"@context":"https:\/\/schema.org","@graph":[{"@type":"WebPage","@id":"https:\/\/www.fundacaogda.pt\/en\/partnerships\/victor-cordon-studios\/","url":"https:\/\/www.fundacaogda.pt\/en\/partnerships\/victor-cordon-studios\/","name":"Victor C\u00f3rdon Studios - Funda\u00e7\u00e3o GDA","isPartOf":{"@id":"https:\/\/www.fundacaogda.pt\/en\/#website"},"datePublished":"2023-01-30T15:35:44+00:00","dateModified":"2023-10-19T10:24:00+00:00","breadcrumb":{"@id":"https:\/\/www.fundacaogda.pt\/en\/partnerships\/victor-cordon-studios\/#breadcrumb"},"inLanguage":"en-US","potentialAction":[{"@type":"ReadAction","target":["https:\/\/www.fundacaogda.pt\/en\/partnerships\/victor-cordon-studios\/"]}]},{"@type":"BreadcrumbList","@id":"https:\/\/www.fundacaogda.pt\/en\/partnerships\/victor-cordon-studios\/#breadcrumb","itemListElement":[{"@type":"ListItem","position":1,"name":"Home","item":"https:\/\/www.fundacaogda.pt\/en\/"},{"@type":"ListItem","position":2,"name":"Partnerships","item":"https:\/\/www.fundacaogda.pt\/en\/partnerships\/"},{"@type":"ListItem","position":3,"name":"Victor C\u00f3rdon Studios"}]},{"@type":"WebSite","@id":"https:\/\/www.fundacaogda.pt\/en\/#website","url":"https:\/\/www.fundacaogda.pt\/en\/","name":"Funda\u00e7\u00e3o GDA","description":"Juntos no mesmo Palco","publisher":{"@id":"https:\/\/www.fundacaogda.pt\/en\/#organization"},"potentialAction":[{"@type":"SearchAction","target":{"@type":"EntryPoint","urlTemplate":"https:\/\/www.fundacaogda.pt\/en\/?s={search_term_string}"},"query-input":{"@type":"PropertyValueSpecification","valueRequired":true,"valueName":"search_term_string"}}],"inLanguage":"en-US"},{"@type":"Organization","@id":"https:\/\/www.fundacaogda.pt\/en\/#organization","name":"Funda\u00e7\u00e3o GDA","url":"https:\/\/www.fundacaogda.pt\/en\/","logo":{"@type":"ImageObject","inLanguage":"en-US","@id":"https:\/\/www.fundacaogda.pt\/en\/#\/schema\/logo\/image\/","url":"https:\/\/www.fundacaogda.pt\/wp-content\/uploads\/2022\/06\/cropped-fgda-web-icon.png","contentUrl":"https:\/\/www.fundacaogda.pt\/wp-content\/uploads\/2022\/06\/cropped-fgda-web-icon.png","width":512,"height":512,"caption":"Funda\u00e7\u00e3o GDA"},"image":{"@id":"https:\/\/www.fundacaogda.pt\/en\/#\/schema\/logo\/image\/"},"sameAs":["https:\/\/www.facebook.com\/fundacaogda","https:\/\/x.com\/Fundacao_GDA"]}]}},"_links":{"self":[{"href":"https:\/\/www.fundacaogda.pt\/en\/wp-json\/wp\/v2\/pages\/21481","targetHints":{"allow":["GET"]}}],"collection":[{"href":"https:\/\/www.fundacaogda.pt\/en\/wp-json\/wp\/v2\/pages"}],"about":[{"href":"https:\/\/www.fundacaogda.pt\/en\/wp-json\/wp\/v2\/types\/page"}],"author":[{"embeddable":true,"href":"https:\/\/www.fundacaogda.pt\/en\/wp-json\/wp\/v2\/users\/2"}],"replies":[{"embeddable":true,"href":"https:\/\/www.fundacaogda.pt\/en\/wp-json\/wp\/v2\/comments?post=21481"}],"version-history":[{"count":2,"href":"https:\/\/www.fundacaogda.pt\/en\/wp-json\/wp\/v2\/pages\/21481\/revisions"}],"predecessor-version":[{"id":21483,"href":"https:\/\/www.fundacaogda.pt\/en\/wp-json\/wp\/v2\/pages\/21481\/revisions\/21483"}],"up":[{"embeddable":true,"href":"https:\/\/www.fundacaogda.pt\/en\/wp-json\/wp\/v2\/pages\/21462"}],"wp:attachment":[{"href":"https:\/\/www.fundacaogda.pt\/en\/wp-json\/wp\/v2\/media?parent=21481"}],"curies":[{"name":"wp","href":"https:\/\/api.w.org\/{rel}","templated":true}]}}