{"id":21397,"date":"2022-07-22T10:54:02","date_gmt":"2022-07-22T09:54:02","guid":{"rendered":"https:\/\/www.fundacaogda.pt\/?page_id=21397"},"modified":"2023-10-27T16:15:04","modified_gmt":"2023-10-27T15:15:04","slug":"contratacao","status":"publish","type":"page","link":"https:\/\/www.fundacaogda.pt\/en\/creation-and-production\/contratacao\/","title":{"rendered":"Contrata\u00e7\u00e3o +"},"content":{"rendered":"","protected":false},"excerpt":{"rendered":"<p>A program to support the hiring of actors up to 30 and over 60 to create more opportunities for professional activity for artists less favoured by the existing conditions in the film and television industry.<\/p>\n","protected":false},"author":2,"featured_media":0,"parent":21355,"menu_order":7,"comment_status":"closed","ping_status":"closed","template":"page-tpl-programme.php","meta":{"_acf_changed":false,"footnotes":""},"class_list":["post-21397","page","type-page","status-publish","hentry"],"acf":[],"yoast_head":"<!-- This site is optimized with the Yoast SEO plugin v25.8 - https:\/\/yoast.com\/wordpress\/plugins\/seo\/ -->\n<title>Contrata\u00e7\u00e3o + - Funda\u00e7\u00e3o GDA<\/title>\n<meta name=\"robots\" content=\"index, follow, max-snippet:-1, max-image-preview:large, max-video-preview:-1\" \/>\n<link rel=\"canonical\" href=\"https:\/\/www.fundacaogda.pt\/en\/creation-and-production\/contratacao\/\" \/>\n<meta property=\"og:locale\" content=\"en_US\" \/>\n<meta property=\"og:type\" content=\"article\" \/>\n<meta property=\"og:title\" content=\"Contrata\u00e7\u00e3o + - Funda\u00e7\u00e3o GDA\" \/>\n<meta property=\"og:description\" content=\"A program to support the hiring of actors up to 30 and over 60 to create more opportunities for professional activity for artists less favoured by the existing conditions in the film and television industry.\" \/>\n<meta property=\"og:url\" content=\"https:\/\/www.fundacaogda.pt\/en\/creation-and-production\/contratacao\/\" \/>\n<meta property=\"og:site_name\" content=\"Funda\u00e7\u00e3o GDA\" \/>\n<meta property=\"article:publisher\" content=\"https:\/\/www.facebook.com\/fundacaogda\" \/>\n<meta property=\"article:modified_time\" content=\"2023-10-27T15:15:04+00:00\" \/>\n<meta name=\"twitter:card\" content=\"summary_large_image\" \/>\n<meta name=\"twitter:site\" content=\"@Fundacao_GDA\" \/>\n<script type=\"application\/ld+json\" class=\"yoast-schema-graph\">{\"@context\":\"https:\/\/schema.org\",\"@graph\":[{\"@type\":\"WebPage\",\"@id\":\"https:\/\/www.fundacaogda.pt\/en\/creation-and-production\/contratacao\/\",\"url\":\"https:\/\/www.fundacaogda.pt\/en\/creation-and-production\/contratacao\/\",\"name\":\"Contrata\u00e7\u00e3o + - Funda\u00e7\u00e3o GDA\",\"isPartOf\":{\"@id\":\"https:\/\/www.fundacaogda.pt\/en\/#website\"},\"datePublished\":\"2022-07-22T09:54:02+00:00\",\"dateModified\":\"2023-10-27T15:15:04+00:00\",\"breadcrumb\":{\"@id\":\"https:\/\/www.fundacaogda.pt\/en\/creation-and-production\/contratacao\/#breadcrumb\"},\"inLanguage\":\"en-US\",\"potentialAction\":[{\"@type\":\"ReadAction\",\"target\":[\"https:\/\/www.fundacaogda.pt\/en\/creation-and-production\/contratacao\/\"]}]},{\"@type\":\"BreadcrumbList\",\"@id\":\"https:\/\/www.fundacaogda.pt\/en\/creation-and-production\/contratacao\/#breadcrumb\",\"itemListElement\":[{\"@type\":\"ListItem\",\"position\":1,\"name\":\"Home\",\"item\":\"https:\/\/www.fundacaogda.pt\/en\/\"},{\"@type\":\"ListItem\",\"position\":2,\"name\":\"Creation and Production\",\"item\":\"https:\/\/www.fundacaogda.pt\/en\/creation-and-production\/\"},{\"@type\":\"ListItem\",\"position\":3,\"name\":\"Contrata\u00e7\u00e3o +\"}]},{\"@type\":\"WebSite\",\"@id\":\"https:\/\/www.fundacaogda.pt\/en\/#website\",\"url\":\"https:\/\/www.fundacaogda.pt\/en\/\",\"name\":\"Funda\u00e7\u00e3o GDA\",\"description\":\"Juntos no mesmo Palco\",\"publisher\":{\"@id\":\"https:\/\/www.fundacaogda.pt\/en\/#organization\"},\"potentialAction\":[{\"@type\":\"SearchAction\",\"target\":{\"@type\":\"EntryPoint\",\"urlTemplate\":\"https:\/\/www.fundacaogda.pt\/en\/?s={search_term_string}\"},\"query-input\":{\"@type\":\"PropertyValueSpecification\",\"valueRequired\":true,\"valueName\":\"search_term_string\"}}],\"inLanguage\":\"en-US\"},{\"@type\":\"Organization\",\"@id\":\"https:\/\/www.fundacaogda.pt\/en\/#organization\",\"name\":\"Funda\u00e7\u00e3o GDA\",\"url\":\"https:\/\/www.fundacaogda.pt\/en\/\",\"logo\":{\"@type\":\"ImageObject\",\"inLanguage\":\"en-US\",\"@id\":\"https:\/\/www.fundacaogda.pt\/en\/#\/schema\/logo\/image\/\",\"url\":\"https:\/\/www.fundacaogda.pt\/wp-content\/uploads\/2022\/06\/cropped-fgda-web-icon.png\",\"contentUrl\":\"https:\/\/www.fundacaogda.pt\/wp-content\/uploads\/2022\/06\/cropped-fgda-web-icon.png\",\"width\":512,\"height\":512,\"caption\":\"Funda\u00e7\u00e3o GDA\"},\"image\":{\"@id\":\"https:\/\/www.fundacaogda.pt\/en\/#\/schema\/logo\/image\/\"},\"sameAs\":[\"https:\/\/www.facebook.com\/fundacaogda\",\"https:\/\/x.com\/Fundacao_GDA\"]}]}<\/script>\n<!-- \/ Yoast SEO plugin. -->","yoast_head_json":{"title":"Contrata\u00e7\u00e3o + - Funda\u00e7\u00e3o GDA","robots":{"index":"index","follow":"follow","max-snippet":"max-snippet:-1","max-image-preview":"max-image-preview:large","max-video-preview":"max-video-preview:-1"},"canonical":"https:\/\/www.fundacaogda.pt\/en\/creation-and-production\/contratacao\/","og_locale":"en_US","og_type":"article","og_title":"Contrata\u00e7\u00e3o + - Funda\u00e7\u00e3o GDA","og_description":"A program to support the hiring of actors up to 30 and over 60 to create more opportunities for professional activity for artists less favoured by the existing conditions in the film and television industry.","og_url":"https:\/\/www.fundacaogda.pt\/en\/creation-and-production\/contratacao\/","og_site_name":"Funda\u00e7\u00e3o GDA","article_publisher":"https:\/\/www.facebook.com\/fundacaogda","article_modified_time":"2023-10-27T15:15:04+00:00","twitter_card":"summary_large_image","twitter_site":"@Fundacao_GDA","schema":{"@context":"https:\/\/schema.org","@graph":[{"@type":"WebPage","@id":"https:\/\/www.fundacaogda.pt\/en\/creation-and-production\/contratacao\/","url":"https:\/\/www.fundacaogda.pt\/en\/creation-and-production\/contratacao\/","name":"Contrata\u00e7\u00e3o + - Funda\u00e7\u00e3o GDA","isPartOf":{"@id":"https:\/\/www.fundacaogda.pt\/en\/#website"},"datePublished":"2022-07-22T09:54:02+00:00","dateModified":"2023-10-27T15:15:04+00:00","breadcrumb":{"@id":"https:\/\/www.fundacaogda.pt\/en\/creation-and-production\/contratacao\/#breadcrumb"},"inLanguage":"en-US","potentialAction":[{"@type":"ReadAction","target":["https:\/\/www.fundacaogda.pt\/en\/creation-and-production\/contratacao\/"]}]},{"@type":"BreadcrumbList","@id":"https:\/\/www.fundacaogda.pt\/en\/creation-and-production\/contratacao\/#breadcrumb","itemListElement":[{"@type":"ListItem","position":1,"name":"Home","item":"https:\/\/www.fundacaogda.pt\/en\/"},{"@type":"ListItem","position":2,"name":"Creation and Production","item":"https:\/\/www.fundacaogda.pt\/en\/creation-and-production\/"},{"@type":"ListItem","position":3,"name":"Contrata\u00e7\u00e3o +"}]},{"@type":"WebSite","@id":"https:\/\/www.fundacaogda.pt\/en\/#website","url":"https:\/\/www.fundacaogda.pt\/en\/","name":"Funda\u00e7\u00e3o GDA","description":"Juntos no mesmo Palco","publisher":{"@id":"https:\/\/www.fundacaogda.pt\/en\/#organization"},"potentialAction":[{"@type":"SearchAction","target":{"@type":"EntryPoint","urlTemplate":"https:\/\/www.fundacaogda.pt\/en\/?s={search_term_string}"},"query-input":{"@type":"PropertyValueSpecification","valueRequired":true,"valueName":"search_term_string"}}],"inLanguage":"en-US"},{"@type":"Organization","@id":"https:\/\/www.fundacaogda.pt\/en\/#organization","name":"Funda\u00e7\u00e3o GDA","url":"https:\/\/www.fundacaogda.pt\/en\/","logo":{"@type":"ImageObject","inLanguage":"en-US","@id":"https:\/\/www.fundacaogda.pt\/en\/#\/schema\/logo\/image\/","url":"https:\/\/www.fundacaogda.pt\/wp-content\/uploads\/2022\/06\/cropped-fgda-web-icon.png","contentUrl":"https:\/\/www.fundacaogda.pt\/wp-content\/uploads\/2022\/06\/cropped-fgda-web-icon.png","width":512,"height":512,"caption":"Funda\u00e7\u00e3o GDA"},"image":{"@id":"https:\/\/www.fundacaogda.pt\/en\/#\/schema\/logo\/image\/"},"sameAs":["https:\/\/www.facebook.com\/fundacaogda","https:\/\/x.com\/Fundacao_GDA"]}]}},"_links":{"self":[{"href":"https:\/\/www.fundacaogda.pt\/en\/wp-json\/wp\/v2\/pages\/21397","targetHints":{"allow":["GET"]}}],"collection":[{"href":"https:\/\/www.fundacaogda.pt\/en\/wp-json\/wp\/v2\/pages"}],"about":[{"href":"https:\/\/www.fundacaogda.pt\/en\/wp-json\/wp\/v2\/types\/page"}],"author":[{"embeddable":true,"href":"https:\/\/www.fundacaogda.pt\/en\/wp-json\/wp\/v2\/users\/2"}],"replies":[{"embeddable":true,"href":"https:\/\/www.fundacaogda.pt\/en\/wp-json\/wp\/v2\/comments?post=21397"}],"version-history":[{"count":6,"href":"https:\/\/www.fundacaogda.pt\/en\/wp-json\/wp\/v2\/pages\/21397\/revisions"}],"predecessor-version":[{"id":21868,"href":"https:\/\/www.fundacaogda.pt\/en\/wp-json\/wp\/v2\/pages\/21397\/revisions\/21868"}],"up":[{"embeddable":true,"href":"https:\/\/www.fundacaogda.pt\/en\/wp-json\/wp\/v2\/pages\/21355"}],"wp:attachment":[{"href":"https:\/\/www.fundacaogda.pt\/en\/wp-json\/wp\/v2\/media?parent=21397"}],"curies":[{"name":"wp","href":"https:\/\/api.w.org\/{rel}","templated":true}]}}